{"id":624,"date":"2026-03-10T12:03:15","date_gmt":"2026-03-10T11:03:15","guid":{"rendered":"https:\/\/upcriojaalavesa.org\/labastida\/?page_id=624"},"modified":"2026-03-10T12:08:48","modified_gmt":"2026-03-10T11:08:48","slug":"iglesia-de-nuestra-senora-de-la-concepcion-salinillas-de-buradon","status":"publish","type":"page","link":"https:\/\/upcriojaalavesa.org\/labastida\/iglesia-de-nuestra-senora-de-la-concepcion-salinillas-de-buradon\/","title":{"rendered":"Iglesia de Nuestra Se\u00f1ora de la Concepci\u00f3n (Salinillas de Burad\u00f3n)"},"content":{"rendered":"","protected":false},"excerpt":{"rendered":"","protected":false},"author":1,"featured_media":631,"parent":0,"menu_order":0,"comment_status":"closed","ping_status":"closed","template":"full-width","meta":{"saved_in_kubio":true,"footnotes":""},"class_list":["post-624","page","type-page","status-publish","has-post-thumbnail","hentry"],"kubio_ai_page_context":{"short_desc":"","purpose":"general"},"_links":{"self":[{"href":"https:\/\/upcriojaalavesa.org\/labastida\/wp-json\/wp\/v2\/pages\/624","targetHints":{"allow":["GET"]}}],"collection":[{"href":"https:\/\/upcriojaalavesa.org\/labastida\/wp-json\/wp\/v2\/pages"}],"about":[{"href":"https:\/\/upcriojaalavesa.org\/labastida\/wp-json\/wp\/v2\/types\/page"}],"author":[{"embeddable":true,"href":"https:\/\/upcriojaalavesa.org\/labastida\/wp-json\/wp\/v2\/users\/1"}],"replies":[{"embeddable":true,"href":"https:\/\/upcriojaalavesa.org\/labastida\/wp-json\/wp\/v2\/comments?post=624"}],"version-history":[{"count":5,"href":"https:\/\/upcriojaalavesa.org\/labastida\/wp-json\/wp\/v2\/pages\/624\/revisions"}],"predecessor-version":[{"id":633,"href":"https:\/\/upcriojaalavesa.org\/labastida\/wp-json\/wp\/v2\/pages\/624\/revisions\/633"}],"wp:featuredmedia":[{"embeddable":true,"href":"https:\/\/upcriojaalavesa.org\/labastida\/wp-json\/wp\/v2\/media\/631"}],"wp:attachment":[{"href":"https:\/\/upcriojaalavesa.org\/labastida\/wp-json\/wp\/v2\/media?parent=624"}],"curies":[{"name":"wp","href":"https:\/\/api.w.org\/{rel}","templated":true}]}}