{"id":605,"date":"2026-01-15T11:09:19","date_gmt":"2026-01-15T10:09:19","guid":{"rendered":"https:\/\/upcriojaalavesa.org\/laguardia\/?page_id=605"},"modified":"2026-01-15T15:23:40","modified_gmt":"2026-01-15T14:23:40","slug":"iglesia-de-santa-maria-de-la-asuncion-paganos","status":"publish","type":"page","link":"https:\/\/upcriojaalavesa.org\/laguardia\/iglesia-de-santa-maria-de-la-asuncion-paganos\/","title":{"rendered":"Iglesia de Santa Mar\u00eda de la Asunci\u00f3n (P\u00e1ganos)"},"content":{"rendered":"","protected":false},"excerpt":{"rendered":"","protected":false},"author":1,"featured_media":0,"parent":0,"menu_order":0,"comment_status":"closed","ping_status":"closed","template":"full-width","meta":{"saved_in_kubio":true,"footnotes":""},"class_list":["post-605","page","type-page","status-publish","hentry"],"kubio_ai_page_context":{"short_desc":"","purpose":"general"},"featured_media_urls":[],"_links":{"self":[{"href":"https:\/\/upcriojaalavesa.org\/laguardia\/wp-json\/wp\/v2\/pages\/605","targetHints":{"allow":["GET"]}}],"collection":[{"href":"https:\/\/upcriojaalavesa.org\/laguardia\/wp-json\/wp\/v2\/pages"}],"about":[{"href":"https:\/\/upcriojaalavesa.org\/laguardia\/wp-json\/wp\/v2\/types\/page"}],"author":[{"embeddable":true,"href":"https:\/\/upcriojaalavesa.org\/laguardia\/wp-json\/wp\/v2\/users\/1"}],"replies":[{"embeddable":true,"href":"https:\/\/upcriojaalavesa.org\/laguardia\/wp-json\/wp\/v2\/comments?post=605"}],"version-history":[{"count":3,"href":"https:\/\/upcriojaalavesa.org\/laguardia\/wp-json\/wp\/v2\/pages\/605\/revisions"}],"predecessor-version":[{"id":786,"href":"https:\/\/upcriojaalavesa.org\/laguardia\/wp-json\/wp\/v2\/pages\/605\/revisions\/786"}],"wp:attachment":[{"href":"https:\/\/upcriojaalavesa.org\/laguardia\/wp-json\/wp\/v2\/media?parent=605"}],"curies":[{"name":"wp","href":"https:\/\/api.w.org\/{rel}","templated":true}]}}